{"id":183,"date":"2026-04-11T19:23:39","date_gmt":"2026-04-11T17:23:39","guid":{"rendered":"https:\/\/www.climanco.com\/es\/?page_id=183"},"modified":"2026-04-12T14:58:02","modified_gmt":"2026-04-12T12:58:02","slug":"quienes-somos","status":"publish","type":"page","link":"https:\/\/www.climanco.com\/es\/quienes-somos\/","title":{"rendered":"Quienes somos"},"content":{"rendered":"\t\t<div data-elementor-type=\"wp-page\" data-elementor-id=\"183\" class=\"elementor elementor-183\" data-elementor-post-type=\"page\">\n\t\t\t\t<div class=\"elementor-element elementor-element-40ef2f63 e-flex e-con-boxed e-con e-parent\" data-id=\"40ef2f63\" data-element_type=\"container\" data-e-type=\"container\">\n\t\t\t\t\t<div class=\"e-con-inner\">\n\t\t<div class=\"elementor-element elementor-element-5c1879fd e-con-full e-flex e-con e-child\" data-id=\"5c1879fd\" data-element_type=\"container\" data-e-type=\"container\">\n\t\t\t\t<div class=\"elementor-element elementor-element-16f1a9e2 elementor-widget elementor-widget-heading\" data-id=\"16f1a9e2\" data-element_type=\"widget\" data-e-type=\"widget\" data-widget_type=\"heading.default\">\n\t\t\t\t\t<h2 class=\"elementor-heading-title elementor-size-default\">Tu aliado en refrigeraci\u00f3n<\/h2>\t\t\t\t<\/div>\n\t\t\t\t<div class=\"elementor-element elementor-element-36a39eb elementor-widget elementor-widget-text-editor\" data-id=\"36a39eb\" data-element_type=\"widget\" data-e-type=\"widget\" data-widget_type=\"text-editor.default\">\n\t\t\t\t\t\t\t\t\t<p>Somos una empresa registrada en el Reino Unido, especializada en la distribuci\u00f3n de gases refrigerantes para profesionales y particulares en toda Europa.<\/p>\n\n<p>Gracias a un enfoque moderno y eficiente, ofrecemos productos fiables, conformes a las normativas europeas, con una excelente relaci\u00f3n calidad-precio.<\/p>\n\n<p>Nuestro objetivo es simple: ofrecer una soluci\u00f3n r\u00e1pida, segura y accesible para todas sus necesidades de refrigeraci\u00f3n y climatizaci\u00f3n.<\/p>\n\n<p>Con una log\u00edstica optimizada y socios de transporte reconocidos, garantizamos una entrega r\u00e1pida en Francia, B\u00e9lgica, Espa\u00f1a y Portugal.<\/p>\n\n<p><strong>Tu socio del fr\u00edo en toda Europa.<\/strong><\/p>\t\t\t\t\t\t\t\t<\/div>\n\t\t\t\t<div class=\"elementor-element elementor-element-1e99ca28 elementor-widget elementor-widget-text_button\" data-id=\"1e99ca28\" data-element_type=\"widget\" data-e-type=\"widget\" data-widget_type=\"text_button.default\">\n\t\t\t\t<div class=\"elementor-widget-container\">\n\t\t\t\t\t<div class=\"etheme-button-wrapper\"><a href=\"https:\/\/www.climanco.com\/es\/gases-refrigerantes\/\" class=\"fill-bottom has-fill etheme-text-button elementor-button\" role=\"button\">\n        <span class=\"elementor-button-content-wrapper\">\n            \n\t\t\t<span class=\"elementor-button-text\">Comprar gas refrigerante<\/span>\n\n            \n            \n        <\/span><\/a><\/div>\t\t\t\t<\/div>\n\t\t\t\t<\/div>\n\t\t\t\t<\/div>\n\t\t<div class=\"elementor-element elementor-element-9ff6103 e-con-full e-flex e-con e-child\" data-id=\"9ff6103\" data-element_type=\"container\" data-e-type=\"container\">\n\t\t\t\t<div class=\"elementor-element elementor-element-547b2c44 elementor-widget elementor-widget-image\" data-id=\"547b2c44\" data-element_type=\"widget\" data-e-type=\"widget\" data-widget_type=\"image.default\">\n\t\t\t\t\t\t\t\t\t\t\t\t\t\t\t<img fetchpriority=\"high\" decoding=\"async\" width=\"930\" height=\"530\" src=\"https:\/\/www.climanco.com\/es\/wp-content\/uploads\/sites\/8\/elementor\/thumbs\/xstore-placeholder-rltmc1vrcnvz2fab4hlrkdn2w5j95vj34vjncm2lm0.png\" class=\"attachment-full size-full wp-image-185 lazyload lazyload-simple et-lazyload-fadeIn\" alt=\"\" sizes=\"(max-width: 930px) 100vw, 930px\" data-src=\"https:\/\/www.climanco.com\/es\/wp-content\/uploads\/sites\/8\/2026\/04\/qui-sommes-climanco.jpg\" data-srcset=\"https:\/\/www.climanco.com\/es\/wp-content\/uploads\/sites\/8\/2026\/04\/qui-sommes-climanco.jpg 930w, https:\/\/www.climanco.com\/es\/wp-content\/uploads\/sites\/8\/2026\/04\/qui-sommes-climanco-300x171.jpg 300w, https:\/\/www.climanco.com\/es\/wp-content\/uploads\/sites\/8\/2026\/04\/qui-sommes-climanco-768x438.jpg 768w, https:\/\/www.climanco.com\/es\/wp-content\/uploads\/sites\/8\/2026\/04\/qui-sommes-climanco-600x342.jpg 600w, https:\/\/www.climanco.com\/es\/wp-content\/uploads\/sites\/8\/2026\/04\/qui-sommes-climanco-1x1.jpg 1w, https:\/\/www.climanco.com\/es\/wp-content\/uploads\/sites\/8\/2026\/04\/qui-sommes-climanco-10x6.jpg 10w\" \/>\t\t\t\t\t\t\t\t\t\t\t\t\t\t\t<\/div>\n\t\t\t\t<\/div>\n\t\t\t\t\t<\/div>\n\t\t\t\t<\/div>\n\t\t\t\t<\/div>\n\t\t","protected":false},"excerpt":{"rendered":"<p>Tu aliado en refrigeraci\u00f3n Somos una empresa registrada en el Reino Unido, especializada en la distribuci\u00f3n de gases refrigerantes para profesionales y particulares en toda&#8230;<\/p>\n","protected":false},"author":2,"featured_media":0,"parent":0,"menu_order":0,"comment_status":"closed","ping_status":"closed","template":"elementor_header_footer","meta":{"footnotes":""},"class_list":["post-183","page","type-page","status-publish","hentry"],"_links":{"self":[{"href":"https:\/\/www.climanco.com\/es\/wp-json\/wp\/v2\/pages\/183","targetHints":{"allow":["GET"]}}],"collection":[{"href":"https:\/\/www.climanco.com\/es\/wp-json\/wp\/v2\/pages"}],"about":[{"href":"https:\/\/www.climanco.com\/es\/wp-json\/wp\/v2\/types\/page"}],"author":[{"embeddable":true,"href":"https:\/\/www.climanco.com\/es\/wp-json\/wp\/v2\/users\/2"}],"replies":[{"embeddable":true,"href":"https:\/\/www.climanco.com\/es\/wp-json\/wp\/v2\/comments?post=183"}],"version-history":[{"count":5,"href":"https:\/\/www.climanco.com\/es\/wp-json\/wp\/v2\/pages\/183\/revisions"}],"predecessor-version":[{"id":297,"href":"https:\/\/www.climanco.com\/es\/wp-json\/wp\/v2\/pages\/183\/revisions\/297"}],"wp:attachment":[{"href":"https:\/\/www.climanco.com\/es\/wp-json\/wp\/v2\/media?parent=183"}],"curies":[{"name":"wp","href":"https:\/\/api.w.org\/{rel}","templated":true}]}}