{"id":192,"date":"2026-04-11T19:27:51","date_gmt":"2026-04-11T17:27:51","guid":{"rendered":"https:\/\/www.climanco.com\/es\/?page_id=192"},"modified":"2026-04-12T13:47:39","modified_gmt":"2026-04-12T11:47:39","slug":"contacto","status":"publish","type":"page","link":"https:\/\/www.climanco.com\/es\/contacto\/","title":{"rendered":"Contacto"},"content":{"rendered":"\t\t<div data-elementor-type=\"wp-page\" data-elementor-id=\"192\" class=\"elementor elementor-192\" data-elementor-post-type=\"page\">\n\t\t\t\t<div class=\"elementor-element elementor-element-39276ef8 e-flex e-con-boxed e-con e-parent\" data-id=\"39276ef8\" data-element_type=\"container\" data-e-type=\"container\">\n\t\t\t\t\t<div class=\"e-con-inner\">\n\t\t<div class=\"elementor-element elementor-element-24d09c5 e-con-full e-flex e-con e-child\" data-id=\"24d09c5\" data-element_type=\"container\" data-e-type=\"container\">\n\t\t\t\t<div class=\"elementor-element elementor-element-78412c0a elementor-align-left elementor-widget elementor-widget-etheme_icon_box\" data-id=\"78412c0a\" data-element_type=\"widget\" data-e-type=\"widget\" data-settings=\"{&quot;icon_type&quot;:&quot;icon&quot;}\" data-widget_type=\"etheme_icon_box.default\">\n\t\t\t\t<div class=\"elementor-widget-container\">\n\t\t\t\t\t\t\t\t<div class=\"etheme-icon-box etheme-icon-box-icon-position-top\">\n        \n                            \n                <div class=\"etheme-icon-box-icon etheme-icon-box-icon-type-icon\">\n        \n                        \n                <\/div>\n            \n                <div class=\"etheme-icon-box-content\">\n\t\t\n                                        \n                    \t\t\n                                            <p class=\"etheme-icon-box-description\">\n                            \u00bfTiene alguna pregunta o necesita informaci\u00f3n?                        <\/p>\n                    \n                            \n                <\/div>\n\t\t\t<\/div>\n\t\t\t\t\t\t<\/div>\n\t\t\t\t<\/div>\n\t\t\t\t<\/div>\n\t\t<div class=\"elementor-element elementor-element-2b7a1066 e-con-full e-flex e-con e-child\" data-id=\"2b7a1066\" data-element_type=\"container\" data-e-type=\"container\">\n\t\t\t\t<div class=\"elementor-element elementor-element-4cc95620 elementor-widget elementor-widget-text-editor\" data-id=\"4cc95620\" data-element_type=\"widget\" data-e-type=\"widget\" data-widget_type=\"text-editor.default\">\n\t\t\t\t\t\t\t\t\t<p>Nuestro equipo est\u00e1 a su disposici\u00f3n para ayudarle y responderle en el menor tiempo posible.<\/p>\t\t\t\t\t\t\t\t<\/div>\n\t\t\t\t<\/div>\n\t\t\t\t\t<\/div>\n\t\t\t\t<\/div>\n\t\t<div class=\"elementor-element elementor-element-18d6b6ff e-flex e-con-boxed e-con e-parent\" data-id=\"18d6b6ff\" data-element_type=\"container\" data-e-type=\"container\" data-settings=\"{&quot;background_background&quot;:&quot;classic&quot;}\">\n\t\t\t\t\t<div class=\"e-con-inner\">\n\t\t<div class=\"elementor-element elementor-element-6e46dcfb e-con-full e-flex e-con e-child\" data-id=\"6e46dcfb\" data-element_type=\"container\" data-e-type=\"container\">\n\t\t\t\t<div class=\"elementor-element elementor-element-4394d86d elementor-widget elementor-widget-image\" data-id=\"4394d86d\" data-element_type=\"widget\" data-e-type=\"widget\" data-widget_type=\"image.default\">\n\t\t\t\t\t\t\t\t\t\t\t\t\t\t\t<img fetchpriority=\"high\" decoding=\"async\" width=\"1650\" height=\"550\" src=\"https:\/\/www.climanco.com\/es\/wp-content\/uploads\/sites\/8\/elementor\/thumbs\/xstore-placeholder-rltmc1vsv1kg3di0tlwyt3ru3oogpy9ies0qv2yzmw.png\" class=\"attachment-full size-full wp-image-198 lazyload lazyload-simple et-lazyload-fadeIn\" alt=\"\" sizes=\"(max-width: 1650px) 100vw, 1650px\" data-src=\"https:\/\/www.climanco.com\/es\/wp-content\/uploads\/sites\/8\/2026\/04\/nous-contacter-climanco.jpg\" data-srcset=\"https:\/\/www.climanco.com\/es\/wp-content\/uploads\/sites\/8\/2026\/04\/nous-contacter-climanco.jpg 1650w, https:\/\/www.climanco.com\/es\/wp-content\/uploads\/sites\/8\/2026\/04\/nous-contacter-climanco-300x100.jpg 300w, https:\/\/www.climanco.com\/es\/wp-content\/uploads\/sites\/8\/2026\/04\/nous-contacter-climanco-1024x341.jpg 1024w, https:\/\/www.climanco.com\/es\/wp-content\/uploads\/sites\/8\/2026\/04\/nous-contacter-climanco-768x256.jpg 768w, https:\/\/www.climanco.com\/es\/wp-content\/uploads\/sites\/8\/2026\/04\/nous-contacter-climanco-1536x512.jpg 1536w, https:\/\/www.climanco.com\/es\/wp-content\/uploads\/sites\/8\/2026\/04\/nous-contacter-climanco-600x200.jpg 600w, https:\/\/www.climanco.com\/es\/wp-content\/uploads\/sites\/8\/2026\/04\/nous-contacter-climanco-1x1.jpg 1w, https:\/\/www.climanco.com\/es\/wp-content\/uploads\/sites\/8\/2026\/04\/nous-contacter-climanco-10x3.jpg 10w\" \/>\t\t\t\t\t\t\t\t\t\t\t\t\t\t\t<\/div>\n\t\t\t\t<\/div>\n\t\t<div class=\"elementor-element elementor-element-20d4dcbc e-con-full e-flex e-con e-child\" data-id=\"20d4dcbc\" data-element_type=\"container\" data-e-type=\"container\">\n\t\t\t\t<div class=\"elementor-element elementor-element-288735c8 elementor-widget elementor-widget-heading\" data-id=\"288735c8\" data-element_type=\"widget\" data-e-type=\"widget\" data-widget_type=\"heading.default\">\n\t\t\t\t\t<h2 class=\"elementor-heading-title elementor-size-default\">Reino Unido<\/h2>\t\t\t\t<\/div>\n\t\t<div class=\"elementor-element elementor-element-76caf3e1 e-con-full e-flex e-con e-child\" data-id=\"76caf3e1\" data-element_type=\"container\" data-e-type=\"container\">\n\t\t\t\t<div class=\"elementor-element elementor-element-5e44db04 elementor-align-left elementor-widget elementor-widget-etheme_icon_box\" data-id=\"5e44db04\" data-element_type=\"widget\" data-e-type=\"widget\" data-settings=\"{&quot;icon_type&quot;:&quot;icon&quot;}\" data-widget_type=\"etheme_icon_box.default\">\n\t\t\t\t<div class=\"elementor-widget-container\">\n\t\t\t\t\t\t\t\t<div class=\"etheme-icon-box etheme-icon-box-icon-position-right\">\n        \n                            \n                <div class=\"etheme-icon-box-icon etheme-icon-box-icon-type-icon\">\n        \n                        \n                <\/div>\n            \n                <div class=\"etheme-icon-box-content\">\n\t\t\n                                        \n                                            <h3 class=\"etheme-icon-box-title\">\n                            <span>Direcci\u00f3n<\/span>\n                        <\/h3>\n                    \t\t\n                                            <p class=\"etheme-icon-box-description\">\n                            128, City Road, <br>\nEC1V 2NX, London                        <\/p>\n                    \n                            \n                <\/div>\n\t\t\t<\/div>\n\t\t\t\t\t\t<\/div>\n\t\t\t\t<\/div>\n\t\t\t\t<\/div>\n\t\t\t\t<\/div>\n\t\t<div class=\"elementor-element elementor-element-200298b9 e-con-full e-flex e-con e-child\" data-id=\"200298b9\" data-element_type=\"container\" data-e-type=\"container\" data-settings=\"{&quot;background_background&quot;:&quot;classic&quot;}\">\n\t\t\t\t<div class=\"elementor-element elementor-element-30aabc48 elementor-widget elementor-widget-heading\" data-id=\"30aabc48\" data-element_type=\"widget\" data-e-type=\"widget\" data-widget_type=\"heading.default\">\n\t\t\t\t\t<h2 class=\"elementor-heading-title elementor-size-default\">Cont\u00e1ctenos ahora<\/h2>\t\t\t\t<\/div>\n\t\t\t\t<div class=\"elementor-element elementor-element-5257617f etheme-contact-form-7-button-custom elementor-widget elementor-widget-et-contact-form-7\" data-id=\"5257617f\" data-element_type=\"widget\" data-e-type=\"widget\" data-widget_type=\"et-contact-form-7.default\">\n\t\t\t\t<div class=\"elementor-widget-container\">\n\t\t\t\t\t                <div class=\"pp-contact-form etheme-contact-form-7 placeholder-show\">\n                                        \n<div class=\"wpcf7 no-js\" id=\"wpcf7-f266-o1\" lang=\"pt-BR\" dir=\"ltr\" data-wpcf7-id=\"266\">\n<div class=\"screen-reader-response\"><p role=\"status\" aria-live=\"polite\" aria-atomic=\"true\"><\/p> <ul><\/ul><\/div>\n<form action=\"\/es\/wp-json\/wp\/v2\/pages\/192#wpcf7-f266-o1\" method=\"post\" class=\"wpcf7-form init\" aria-label=\"Formul\u00e1rios de contato\" novalidate=\"novalidate\" data-status=\"init\">\n<fieldset class=\"hidden-fields-container\"><input type=\"hidden\" name=\"_wpcf7\" value=\"266\" \/><input type=\"hidden\" name=\"_wpcf7_version\" value=\"6.1.5\" \/><input type=\"hidden\" name=\"_wpcf7_locale\" value=\"pt_BR\" \/><input type=\"hidden\" name=\"_wpcf7_unit_tag\" value=\"wpcf7-f266-o1\" \/><input type=\"hidden\" name=\"_wpcf7_container_post\" value=\"0\" \/><input type=\"hidden\" name=\"_wpcf7_posted_data_hash\" value=\"\" \/>\n<\/fieldset>\n<p><label> Nombre<br \/>\n<span class=\"wpcf7-form-control-wrap\" data-name=\"your-name\"><input size=\"40\" maxlength=\"400\" class=\"wpcf7-form-control wpcf7-text wpcf7-validates-as-required\" autocomplete=\"name\" aria-required=\"true\" aria-invalid=\"false\" value=\"\" type=\"text\" name=\"your-name\" \/><\/span> <\/label>\n<\/p>\n<p><label> Email<br \/>\n<span class=\"wpcf7-form-control-wrap\" data-name=\"your-email\"><input size=\"40\" maxlength=\"400\" class=\"wpcf7-form-control wpcf7-email wpcf7-validates-as-required wpcf7-text wpcf7-validates-as-email\" autocomplete=\"email\" aria-required=\"true\" aria-invalid=\"false\" value=\"\" type=\"email\" name=\"your-email\" \/><\/span> <\/label>\n<\/p>\n<p><label> Sujeto<br \/>\n<span class=\"wpcf7-form-control-wrap\" data-name=\"your-subject\"><input size=\"40\" maxlength=\"400\" class=\"wpcf7-form-control wpcf7-text wpcf7-validates-as-required\" aria-required=\"true\" aria-invalid=\"false\" value=\"\" type=\"text\" name=\"your-subject\" \/><\/span> <\/label>\n<\/p>\n<p><label> Mensaje<br \/>\n<span class=\"wpcf7-form-control-wrap\" data-name=\"your-message\"><textarea cols=\"40\" rows=\"10\" maxlength=\"2000\" class=\"wpcf7-form-control wpcf7-textarea\" aria-invalid=\"false\" name=\"your-message\"><\/textarea><\/span> <\/label>\n<\/p>\n<p><input class=\"wpcf7-form-control wpcf7-submit has-spinner\" type=\"submit\" value=\"Enviar\" \/>\n<\/p><div class=\"wpcf7-response-output\" aria-hidden=\"true\"><\/div>\n<\/form>\n<\/div>\n                <\/div>\n                \t\t\t\t<\/div>\n\t\t\t\t<\/div>\n\t\t\t\t<\/div>\n\t\t<div class=\"elementor-element elementor-element-7ea7ee46 e-con-full e-flex e-con e-child\" data-id=\"7ea7ee46\" data-element_type=\"container\" data-e-type=\"container\">\n\t\t\t\t<div class=\"elementor-element elementor-element-7a26568e elementor-widget elementor-widget-image\" data-id=\"7a26568e\" data-element_type=\"widget\" data-e-type=\"widget\" data-widget_type=\"image.default\">\n\t\t\t\t\t\t\t\t\t\t\t\t\t\t\t<img decoding=\"async\" width=\"1650\" height=\"550\" src=\"https:\/\/www.climanco.com\/es\/wp-content\/uploads\/sites\/8\/elementor\/thumbs\/xstore-placeholder-rltmc1vsv1kg3di0tlwyt3ru3oogpy9ies0qv2yzmw.png\" class=\"attachment-full size-full wp-image-200 lazyload lazyload-simple et-lazyload-fadeIn\" alt=\"\" sizes=\"(max-width: 1650px) 100vw, 1650px\" data-src=\"https:\/\/www.climanco.com\/es\/wp-content\/uploads\/sites\/8\/2026\/04\/nous-contacer-climanco.jpg\" data-srcset=\"https:\/\/www.climanco.com\/es\/wp-content\/uploads\/sites\/8\/2026\/04\/nous-contacer-climanco.jpg 1650w, https:\/\/www.climanco.com\/es\/wp-content\/uploads\/sites\/8\/2026\/04\/nous-contacer-climanco-300x100.jpg 300w, https:\/\/www.climanco.com\/es\/wp-content\/uploads\/sites\/8\/2026\/04\/nous-contacer-climanco-1024x341.jpg 1024w, https:\/\/www.climanco.com\/es\/wp-content\/uploads\/sites\/8\/2026\/04\/nous-contacer-climanco-768x256.jpg 768w, https:\/\/www.climanco.com\/es\/wp-content\/uploads\/sites\/8\/2026\/04\/nous-contacer-climanco-1536x512.jpg 1536w, https:\/\/www.climanco.com\/es\/wp-content\/uploads\/sites\/8\/2026\/04\/nous-contacer-climanco-600x200.jpg 600w, https:\/\/www.climanco.com\/es\/wp-content\/uploads\/sites\/8\/2026\/04\/nous-contacer-climanco-1x1.jpg 1w, https:\/\/www.climanco.com\/es\/wp-content\/uploads\/sites\/8\/2026\/04\/nous-contacer-climanco-10x3.jpg 10w\" \/>\t\t\t\t\t\t\t\t\t\t\t\t\t\t\t<\/div>\n\t\t\t\t<\/div>\n\t\t\t\t\t<\/div>\n\t\t\t\t<\/div>\n\t\t\t\t<\/div>\n\t\t","protected":false},"excerpt":{"rendered":"<p>\u00bfTiene alguna pregunta o necesita informaci\u00f3n? Nuestro equipo est\u00e1 a su disposici\u00f3n para ayudarle y responderle en el menor tiempo posible. Reino Unido Direcci\u00f3n 128,&#8230;<\/p>\n","protected":false},"author":2,"featured_media":0,"parent":0,"menu_order":0,"comment_status":"closed","ping_status":"closed","template":"elementor_header_footer","meta":{"footnotes":""},"class_list":["post-192","page","type-page","status-publish","hentry"],"_links":{"self":[{"href":"https:\/\/www.climanco.com\/es\/wp-json\/wp\/v2\/pages\/192","targetHints":{"allow":["GET"]}}],"collection":[{"href":"https:\/\/www.climanco.com\/es\/wp-json\/wp\/v2\/pages"}],"about":[{"href":"https:\/\/www.climanco.com\/es\/wp-json\/wp\/v2\/types\/page"}],"author":[{"embeddable":true,"href":"https:\/\/www.climanco.com\/es\/wp-json\/wp\/v2\/users\/2"}],"replies":[{"embeddable":true,"href":"https:\/\/www.climanco.com\/es\/wp-json\/wp\/v2\/comments?post=192"}],"version-history":[{"count":5,"href":"https:\/\/www.climanco.com\/es\/wp-json\/wp\/v2\/pages\/192\/revisions"}],"predecessor-version":[{"id":269,"href":"https:\/\/www.climanco.com\/es\/wp-json\/wp\/v2\/pages\/192\/revisions\/269"}],"wp:attachment":[{"href":"https:\/\/www.climanco.com\/es\/wp-json\/wp\/v2\/media?parent=192"}],"curies":[{"name":"wp","href":"https:\/\/api.w.org\/{rel}","templated":true}]}}