{"id":6,"date":"2026-04-10T23:56:05","date_gmt":"2026-04-10T21:56:05","guid":{"rendered":"https:\/\/www.climanco.com\/es\/carrito\/"},"modified":"2026-04-12T00:39:39","modified_gmt":"2026-04-11T22:39:39","slug":"carrito","status":"publish","type":"page","link":"https:\/\/www.climanco.com\/es\/carrito\/","title":{"rendered":"Carrito"},"content":{"rendered":"\t\t<div data-elementor-type=\"wp-page\" data-elementor-id=\"6\" class=\"elementor elementor-6\" data-elementor-post-type=\"page\">\n\t\t\t\t<div class=\"elementor-element elementor-element-7fa3e12 e-flex e-con-boxed e-con e-parent\" data-id=\"7fa3e12\" data-element_type=\"container\" data-e-type=\"container\">\n\t\t\t\t\t<div class=\"e-con-inner\">\n\t\t\t\t\t<\/div>\n\t\t\t\t<\/div>\n\t\t\t\t<\/div>\n\t\t","protected":false},"excerpt":{"rendered":"<p>Seu carrinho est\u00e1 vazio. VOTRE PANIER EST VIDE Nous vous invitons \u00e0 d\u00e9couvrir notre s\u00e9lection. Vous trouverez assur\u00e9ment votre bonheur ! Return To Shop<\/p>\n","protected":false},"author":2,"featured_media":0,"parent":0,"menu_order":0,"comment_status":"closed","ping_status":"closed","template":"","meta":{"footnotes":""},"class_list":["post-6","page","type-page","status-publish","hentry"],"_links":{"self":[{"href":"https:\/\/www.climanco.com\/es\/wp-json\/wp\/v2\/pages\/6","targetHints":{"allow":["GET"]}}],"collection":[{"href":"https:\/\/www.climanco.com\/es\/wp-json\/wp\/v2\/pages"}],"about":[{"href":"https:\/\/www.climanco.com\/es\/wp-json\/wp\/v2\/types\/page"}],"author":[{"embeddable":true,"href":"https:\/\/www.climanco.com\/es\/wp-json\/wp\/v2\/users\/2"}],"replies":[{"embeddable":true,"href":"https:\/\/www.climanco.com\/es\/wp-json\/wp\/v2\/comments?post=6"}],"version-history":[{"count":5,"href":"https:\/\/www.climanco.com\/es\/wp-json\/wp\/v2\/pages\/6\/revisions"}],"predecessor-version":[{"id":215,"href":"https:\/\/www.climanco.com\/es\/wp-json\/wp\/v2\/pages\/6\/revisions\/215"}],"wp:attachment":[{"href":"https:\/\/www.climanco.com\/es\/wp-json\/wp\/v2\/media?parent=6"}],"curies":[{"name":"wp","href":"https:\/\/api.w.org\/{rel}","templated":true}]}}