{"id":27,"date":"2026-04-11T01:27:15","date_gmt":"2026-04-10T23:27:15","guid":{"rendered":"https:\/\/www.climanco.com\/es\/?post_type=product&#038;p=27"},"modified":"2026-04-11T14:14:10","modified_gmt":"2026-04-11T12:14:10","slug":"gas-refrigerante-r417a","status":"publish","type":"product","link":"https:\/\/www.climanco.com\/es\/gases-refrigerantes\/gas-refrigerante-r417a\/","title":{"rendered":"10 kg gas refrigerante R 417A"},"content":{"rendered":"<h2>Gas refrigerante R417A: sustituci\u00f3n r\u00e1pida y econ\u00f3mica del R22<\/h2>\n<p>El R417A es especialmente adecuado para instalaciones de aire acondicionado y sistemas de refrigeraci\u00f3n que utilizan R22. Ofrece una soluci\u00f3n pr\u00e1ctica para prolongar la vida \u00fatil de los equipos cumpliendo con las normativas medioambientales.<\/p>\n<ul>\n<li>Sustituto del R22 sin cambio de aceite<\/li>\n<li>Soluci\u00f3n ideal para retrofit<\/li>\n<li>Cero ODP (sin impacto en la capa de ozono)<\/li>\n<li>Compatible con aceites minerales y alquilbenceno<\/li>\n<li>Apto para climatizaci\u00f3n y refrigeraci\u00f3n<\/li>\n<\/ul>\n<p>Para otras alternativas al R22, descubre tambi\u00e9n el<br \/>\n<a href=\"https:\/\/www.climanco.com\/es\/gas-refrigerante\/gas-refrigerante-r422d\/\">gas refrigerante R422D<\/a> y el<br \/>\n<a href=\"https:\/\/www.climanco.com\/es\/gas-refrigerante\/gas-refrigerante-r407c\/\">gas refrigerante R407C<\/a>, adecuados para diferentes tipos de instalaciones.<\/p>\n<p>Si buscas una soluci\u00f3n m\u00e1s moderna con menor impacto ambiental, consulta tambi\u00e9n el<br \/>\n<a href=\"https:\/\/www.climanco.com\/es\/gas-refrigerante\/gas-refrigerante-r453a\/\">gas refrigerante R453A<\/a>, que permite sustituir tanto el R22 como el R404A.<\/p>\n<p>Para sistemas de climatizaci\u00f3n de nueva generaci\u00f3n, puedes considerar el<br \/>\n<a href=\"https:\/\/www.climanco.com\/es\/gas-refrigerante\/gas-refrigerante-r32\/\">gas refrigerante R32<\/a>, con mayor eficiencia energ\u00e9tica.<\/p>\n<p>Para consultar las especificaciones t\u00e9cnicas del producto, accede a la ficha t\u00e9cnica:<br \/>\n<a href=\"https:\/\/climalife.com\/documentation?filter=&amp;documentation_id=1&amp;post_id=221874\" target=\"_blank\" rel=\"noopener\">Ficha t\u00e9cnica R417A<\/a>.<\/p>\n","protected":false},"excerpt":{"rendered":"<p>El <strong>gas refrigerante R417A<\/strong> es un fluido dise\u00f1ado para sustituir el R22 en sistemas de climatizaci\u00f3n y refrigeraci\u00f3n existentes. Permite una transici\u00f3n r\u00e1pida y sencilla, generalmente sin necesidad de cambiar el aceite.<\/p>\n","protected":false},"featured_media":41,"template":"","meta":[],"etheme_brands":[],"product_brand":[26],"product_cat":[47],"product_tag":[28,20,48,18,49,50,46],"class_list":{"0":"post-27","1":"product","2":"type-product","3":"status-publish","4":"has-post-thumbnail","6":"product_brand-climanco","7":"product_cat-r-417a","8":"product_tag-aire-acondicionado","9":"product_tag-gas-refrigerante","10":"product_tag-mantenimiento","11":"product_tag-refrigerante","12":"product_tag-retrofit-simples","13":"product_tag-sin-drenaje-de-aceite","14":"product_tag-sustituto-r-22","16":"first","17":"instock","18":"shipping-taxable","19":"purchasable","20":"product-type-simple"},"_links":{"self":[{"href":"https:\/\/www.climanco.com\/es\/wp-json\/wp\/v2\/product\/27","targetHints":{"allow":["GET"]}}],"collection":[{"href":"https:\/\/www.climanco.com\/es\/wp-json\/wp\/v2\/product"}],"about":[{"href":"https:\/\/www.climanco.com\/es\/wp-json\/wp\/v2\/types\/product"}],"version-history":[{"count":2,"href":"https:\/\/www.climanco.com\/es\/wp-json\/wp\/v2\/product\/27\/revisions"}],"predecessor-version":[{"id":145,"href":"https:\/\/www.climanco.com\/es\/wp-json\/wp\/v2\/product\/27\/revisions\/145"}],"wp:featuredmedia":[{"embeddable":true,"href":"https:\/\/www.climanco.com\/es\/wp-json\/wp\/v2\/media\/41"}],"wp:attachment":[{"href":"https:\/\/www.climanco.com\/es\/wp-json\/wp\/v2\/media?parent=27"}],"wp:term":[{"taxonomy":"brand","embeddable":true,"href":"https:\/\/www.climanco.com\/es\/wp-json\/wp\/v2\/etheme_brands?post=27"},{"taxonomy":"product_brand","embeddable":true,"href":"https:\/\/www.climanco.com\/es\/wp-json\/wp\/v2\/product_brand?post=27"},{"taxonomy":"product_cat","embeddable":true,"href":"https:\/\/www.climanco.com\/es\/wp-json\/wp\/v2\/product_cat?post=27"},{"taxonomy":"product_tag","embeddable":true,"href":"https:\/\/www.climanco.com\/es\/wp-json\/wp\/v2\/product_tag?post=27"}],"curies":[{"name":"wp","href":"https:\/\/api.w.org\/{rel}","templated":true}]}}