{"id":60,"date":"2026-04-12T09:26:53","date_gmt":"2026-04-12T12:26:53","guid":{"rendered":"https:\/\/www.climanco.com\/pt\/?post_type=product&#038;p=60"},"modified":"2026-04-12T10:35:48","modified_gmt":"2026-04-12T13:35:48","slug":"10-kg-gas-refrigerante-r-407a","status":"publish","type":"product","link":"https:\/\/www.climanco.com\/pt\/gases-refrigerantes\/10-kg-gas-refrigerante-r-407a\/","title":{"rendered":"10 kg gas refrigerante R 407A"},"content":{"rendered":"<h2>G\u00e1s refrigerante R407A: solu\u00e7\u00e3o vers\u00e1til e eficiente<\/h2>\n<p>O R407A \u00e9 especialmente indicado para aplica\u00e7\u00f5es de frio comercial, como c\u00e2maras frigor\u00edficas e vitrinas refrigeradas. Permite modernizar sistemas existentes e melhorar o desempenho energ\u00e9tico.<\/p>\n<ul>\n<li>Alternativa eficaz ao R22 e R404A<\/li>\n<li>Zero ODP (sem impacto na camada de ozono)<\/li>\n<li>Bom desempenho energ\u00e9tico<\/li>\n<li>Adequado para sistemas existentes (retrofit)<\/li>\n<li>Compat\u00edvel com \u00f3leos POE<\/li>\n<\/ul>\n<p>Para outras alternativas ao R22, descubra tamb\u00e9m o<br \/>\n<a href=\"https:\/\/www.climanco.com\/pt\/gases-refrigerantes\/10-kg-gas-refrigerante-r-422d\/\">g\u00e1s refrigerante R422D<\/a> e o<br \/>\n<a href=\"https:\/\/www.climanco.com\/pt\/gases-refrigerantes\/10-kg-gas-refrigerante-r-417a\/\">g\u00e1s refrigerante R417A<\/a>, adequados para sistemas existentes.<\/p>\n<p>Para substitui\u00e7\u00e3o do R404A, consulte tamb\u00e9m o<br \/>\n<a href=\"https:\/\/www.climanco.com\/pt\/gases-refrigerantes\/10-kg-gas-refrigerante-r-449a\/\">g\u00e1s refrigerante R449A<\/a>, o<br \/>\n<a href=\"https:\/\/www.climanco.com\/pt\/gases-refrigerantes\/10-kg-gas-refrigerante-r-452a\/\">g\u00e1s refrigerante R452A<\/a> e o<br \/>\n<a href=\"https:\/\/www.climanco.com\/pt\/gases-refrigerantes\/10-kg-gas-refrigerante-r-448a\/\">g\u00e1s refrigerante R448A<\/a>.<\/p>\n<p>Para consultar as especifica\u00e7\u00f5es t\u00e9cnicas do produto, aceda \u00e0 ficha t\u00e9cnica:<br \/>\n<a href=\"https:\/\/www.freon.com\/pt-br\/-\/media\/files\/freon\/freon-r407c-r407a-push-bulletin.pdf?rev=d1d347da1ed04b9684663ebba7bc6a1f\" target=\"_blank\" rel=\"noopener\">Ficha t\u00e9cnica R407A<\/a>.<\/p>\n","protected":false},"excerpt":{"rendered":"<p>O <strong>g\u00e1s refrigerante R407A<\/strong> \u00e9 um fluido desenvolvido para substituir o R22 e o R404A em sistemas de refrigera\u00e7\u00e3o comercial. Oferece um bom equil\u00edbrio entre efici\u00eancia energ\u00e9tica e redu\u00e7\u00e3o do impacto ambiental.<\/p>\n","protected":false},"featured_media":72,"comment_status":"closed","ping_status":"closed","template":"","meta":[],"etheme_brands":[],"product_brand":[27],"product_cat":[34],"product_tag":[35,18,21,23,24,33,25],"class_list":{"0":"post-60","1":"product","2":"type-product","3":"status-publish","4":"has-post-thumbnail","6":"product_brand-climanco","7":"product_cat-r-407a","8":"product_tag-eficiencia-energetica","9":"product_tag-gas-refrigerante","10":"product_tag-refrigeracao-comercial","11":"product_tag-refrigerante","12":"product_tag-retrofit","13":"product_tag-substituto-r22","14":"product_tag-substituto-r404a","16":"first","17":"instock","18":"sale","19":"shipping-taxable","20":"purchasable","21":"product-type-simple"},"_links":{"self":[{"href":"https:\/\/www.climanco.com\/pt\/wp-json\/wp\/v2\/product\/60","targetHints":{"allow":["GET"]}}],"collection":[{"href":"https:\/\/www.climanco.com\/pt\/wp-json\/wp\/v2\/product"}],"about":[{"href":"https:\/\/www.climanco.com\/pt\/wp-json\/wp\/v2\/types\/product"}],"replies":[{"embeddable":true,"href":"https:\/\/www.climanco.com\/pt\/wp-json\/wp\/v2\/comments?post=60"}],"version-history":[{"count":0,"href":"https:\/\/www.climanco.com\/pt\/wp-json\/wp\/v2\/product\/60\/revisions"}],"wp:featuredmedia":[{"embeddable":true,"href":"https:\/\/www.climanco.com\/pt\/wp-json\/wp\/v2\/media\/72"}],"wp:attachment":[{"href":"https:\/\/www.climanco.com\/pt\/wp-json\/wp\/v2\/media?parent=60"}],"wp:term":[{"taxonomy":"brand","embeddable":true,"href":"https:\/\/www.climanco.com\/pt\/wp-json\/wp\/v2\/etheme_brands?post=60"},{"taxonomy":"product_brand","embeddable":true,"href":"https:\/\/www.climanco.com\/pt\/wp-json\/wp\/v2\/product_brand?post=60"},{"taxonomy":"product_cat","embeddable":true,"href":"https:\/\/www.climanco.com\/pt\/wp-json\/wp\/v2\/product_cat?post=60"},{"taxonomy":"product_tag","embeddable":true,"href":"https:\/\/www.climanco.com\/pt\/wp-json\/wp\/v2\/product_tag?post=60"}],"curies":[{"name":"wp","href":"https:\/\/api.w.org\/{rel}","templated":true}]}}