{"id":61,"date":"2026-04-12T09:26:53","date_gmt":"2026-04-12T12:26:53","guid":{"rendered":"https:\/\/www.climanco.com\/pt\/?post_type=product&#038;p=61"},"modified":"2026-04-12T10:31:51","modified_gmt":"2026-04-12T13:31:51","slug":"10-kg-gas-refrigerante-r-449a","status":"publish","type":"product","link":"https:\/\/www.climanco.com\/pt\/gases-refrigerantes\/10-kg-gas-refrigerante-r-449a\/","title":{"rendered":"10 kg gas refrigerante R 449A"},"content":{"rendered":"<h2>G\u00e1s refrigerante R449A: desempenho e alternativa eficiente<\/h2>\n<p>O R449A \u00e9 ideal para aplica\u00e7\u00f5es de frio comercial, como supermercados, c\u00e2maras frigor\u00edficas e vitrinas refrigeradas. Permite melhorar o desempenho dos sistemas existentes e cumprir as atuais regulamenta\u00e7\u00f5es ambientais.<\/p>\n<ul>\n<li>Alternativa eficaz ao R404A e R507A<\/li>\n<li>Redu\u00e7\u00e3o do impacto ambiental (GWP mais baixo)<\/li>\n<li>Elevada efici\u00eancia energ\u00e9tica<\/li>\n<li>Adequado para sistemas existentes (retrofit)<\/li>\n<li>Compat\u00edvel com \u00f3leos POE<\/li>\n<\/ul>\n<p>Para outras alternativas ao R404A, descubra tamb\u00e9m o<br \/>\n<a href=\"https:\/\/www.climanco.com\/pt\/gases-refrigerantes\/10-kg-gas-refrigerante-r-452a\/\">g\u00e1s refrigerante R452A<\/a> e o<br \/>\n<a href=\"https:\/\/www.climanco.com\/pt\/gases-refrigerantes\/10-kg-gas-refrigerante-r-448a\/\">g\u00e1s refrigerante R448A<\/a>, solu\u00e7\u00f5es amplamente utilizadas em refrigera\u00e7\u00e3o comercial.<\/p>\n<p>Se utiliza sistemas tradicionais, consulte tamb\u00e9m o<br \/>\n<a href=\"https:\/\/www.climanco.com\/pt\/gases-refrigerantes\/10-kg-gas-refrigerante-r-404a\/\">g\u00e1s refrigerante R404A<\/a>, ainda presente em muitas instala\u00e7\u00f5es.<\/p>\n<p>Para aplica\u00e7\u00f5es de climatiza\u00e7\u00e3o, pode considerar o<br \/>\n<a href=\"https:\/\/www.climanco.com\/pt\/gases-refrigerantes\/10-kg-gas-refrigerante-r-32\/\">g\u00e1s refrigerante R32<\/a>, conhecido pela sua elevada efici\u00eancia energ\u00e9tica.<\/p>\n<p>Para consultar as especifica\u00e7\u00f5es t\u00e9cnicas do produto, aceda \u00e0 ficha t\u00e9cnica:<br \/>\n<a href=\"https:\/\/gas-servei.com\/wp-content\/uploads\/2024\/06\/Dados-tecnicos-R-449A-Gas-Servei-1.pdf\" target=\"_blank\" rel=\"noopener\">Ficha t\u00e9cnica R449A<\/a>.<\/p>\n","protected":false},"excerpt":{"rendered":"<p>O <strong>g\u00e1s refrigerante R449A<\/strong> \u00e9 um fluido de nova gera\u00e7\u00e3o desenvolvido para substituir o R404A e o R507A em sistemas de refrigera\u00e7\u00e3o comercial e industrial. Destaca-se pela sua elevada efici\u00eancia energ\u00e9tica e menor impacto ambiental.<\/p>\n","protected":false},"featured_media":73,"comment_status":"closed","ping_status":"closed","template":"","meta":[],"etheme_brands":[],"product_brand":[27],"product_cat":[36],"product_tag":[37,18,20,21,22,23,24,38],"class_list":{"0":"post-61","1":"product","2":"type-product","3":"status-publish","4":"has-post-thumbnail","6":"product_brand-climanco","7":"product_cat-r-449a","8":"product_tag-elevada-eficiencia-energetica","9":"product_tag-gas-refrigerante","10":"product_tag-hvac","11":"product_tag-refrigeracao-comercial","12":"product_tag-refrigeracao-industrial","13":"product_tag-refrigerante","14":"product_tag-retrofit","15":"product_tag-substituto-r507a","17":"first","18":"instock","19":"sale","20":"shipping-taxable","21":"purchasable","22":"product-type-simple"},"_links":{"self":[{"href":"https:\/\/www.climanco.com\/pt\/wp-json\/wp\/v2\/product\/61","targetHints":{"allow":["GET"]}}],"collection":[{"href":"https:\/\/www.climanco.com\/pt\/wp-json\/wp\/v2\/product"}],"about":[{"href":"https:\/\/www.climanco.com\/pt\/wp-json\/wp\/v2\/types\/product"}],"replies":[{"embeddable":true,"href":"https:\/\/www.climanco.com\/pt\/wp-json\/wp\/v2\/comments?post=61"}],"version-history":[{"count":0,"href":"https:\/\/www.climanco.com\/pt\/wp-json\/wp\/v2\/product\/61\/revisions"}],"wp:featuredmedia":[{"embeddable":true,"href":"https:\/\/www.climanco.com\/pt\/wp-json\/wp\/v2\/media\/73"}],"wp:attachment":[{"href":"https:\/\/www.climanco.com\/pt\/wp-json\/wp\/v2\/media?parent=61"}],"wp:term":[{"taxonomy":"brand","embeddable":true,"href":"https:\/\/www.climanco.com\/pt\/wp-json\/wp\/v2\/etheme_brands?post=61"},{"taxonomy":"product_brand","embeddable":true,"href":"https:\/\/www.climanco.com\/pt\/wp-json\/wp\/v2\/product_brand?post=61"},{"taxonomy":"product_cat","embeddable":true,"href":"https:\/\/www.climanco.com\/pt\/wp-json\/wp\/v2\/product_cat?post=61"},{"taxonomy":"product_tag","embeddable":true,"href":"https:\/\/www.climanco.com\/pt\/wp-json\/wp\/v2\/product_tag?post=61"}],"curies":[{"name":"wp","href":"https:\/\/api.w.org\/{rel}","templated":true}]}}