{"id":66,"date":"2026-04-12T09:26:54","date_gmt":"2026-04-12T12:26:54","guid":{"rendered":"https:\/\/www.climanco.com\/pt\/?post_type=product&#038;p=66"},"modified":"2026-04-12T10:52:28","modified_gmt":"2026-04-12T13:52:28","slug":"10-kg-gas-refrigerante-r-32","status":"publish","type":"product","link":"https:\/\/www.climanco.com\/pt\/gases-refrigerantes\/10-kg-gas-refrigerante-r-32\/","title":{"rendered":"10 kg gas refrigerante R 32"},"content":{"rendered":"<h2>G\u00e1s refrigerante R32: efici\u00eancia e climatiza\u00e7\u00e3o de nova gera\u00e7\u00e3o<\/h2>\n<p>O R32 \u00e9 cada vez mais utilizado em equipamentos de ar condicionado residenciais e comerciais. Permite reduzir o consumo energ\u00e9tico e melhorar o desempenho dos sistemas, sendo uma alternativa avan\u00e7ada aos refrigerantes tradicionais.<\/p>\n<ul>\n<li>Baixo GWP (menor impacto ambiental)<\/li>\n<li>Elevada efici\u00eancia energ\u00e9tica<\/li>\n<li>Excelente capacidade de transfer\u00eancia t\u00e9rmica<\/li>\n<li>Menor quantidade de carga necess\u00e1ria<\/li>\n<li>Ideal para ar condicionado moderno<\/li>\n<\/ul>\n<p>O R32 \u00e9 considerado o substituto do<br \/>\n<a href=\"https:\/\/www.climanco.com\/pt\/gases-refrigerantes\/10-kg-gas-refrigerante-r-410a\/\">g\u00e1s refrigerante R410A<\/a>, oferecendo melhor desempenho e menor impacto ambiental.<\/p>\n<p>Para aplica\u00e7\u00f5es de refrigera\u00e7\u00e3o comercial, pode consultar tamb\u00e9m o<br \/>\n<a href=\"https:\/\/www.climanco.com\/pt\/gases-refrigerantes\/10-kg-gas-refrigerante-r-404a\/\">g\u00e1s refrigerante R404A<\/a> ou as suas alternativas como o<br \/>\n<a href=\"https:\/\/www.climanco.com\/pt\/gases-refrigerantes\/10-kg-gas-refrigerante-r-449a\/\">g\u00e1s refrigerante R449A<\/a> e o<br \/>\n<a href=\"https:\/\/www.climanco.com\/pt\/gases-refrigerantes\/10-kg-gas-refrigerante-r-452a\/\">g\u00e1s refrigerante R452A<\/a>.<\/p>\n<p>Para consultar as especifica\u00e7\u00f5es t\u00e9cnicas do produto, aceda \u00e0 ficha t\u00e9cnica:<br \/>\n<a href=\"https:\/\/gas-servei.com\/wp-content\/uploads\/2024\/06\/Dados-tecnicos-R-32-Gas-Servei-1.pdf\" target=\"_blank\" rel=\"noopener\">Ficha t\u00e9cnica R32<\/a>.<\/p>\n","protected":false},"excerpt":{"rendered":"<p>O <strong>g\u00e1s refrigerante R32<\/strong> \u00e9 um fluido de nova gera\u00e7\u00e3o amplamente utilizado em sistemas modernos de climatiza\u00e7\u00e3o. Destaca-se pela sua elevada efici\u00eancia energ\u00e9tica e baixo potencial de aquecimento global (GWP), sendo uma solu\u00e7\u00e3o mais sustent\u00e1vel.<\/p>\n","protected":false},"featured_media":78,"comment_status":"closed","ping_status":"closed","template":"","meta":[],"etheme_brands":[],"product_brand":[27],"product_cat":[53],"product_tag":[54,55,37,18,19,23,56],"class_list":{"0":"post-66","1":"product","2":"type-product","3":"status-publish","4":"has-post-thumbnail","6":"product_brand-climanco","7":"product_cat-r-32","8":"product_tag-a2l","9":"product_tag-ar-condicionado-moderno","10":"product_tag-elevada-eficiencia-energetica","11":"product_tag-gas-refrigerante","12":"product_tag-grp-baixo","13":"product_tag-refrigerante","14":"product_tag-substituto-r410a","16":"first","17":"instock","18":"shipping-taxable","19":"purchasable","20":"product-type-simple"},"_links":{"self":[{"href":"https:\/\/www.climanco.com\/pt\/wp-json\/wp\/v2\/product\/66","targetHints":{"allow":["GET"]}}],"collection":[{"href":"https:\/\/www.climanco.com\/pt\/wp-json\/wp\/v2\/product"}],"about":[{"href":"https:\/\/www.climanco.com\/pt\/wp-json\/wp\/v2\/types\/product"}],"replies":[{"embeddable":true,"href":"https:\/\/www.climanco.com\/pt\/wp-json\/wp\/v2\/comments?post=66"}],"version-history":[{"count":0,"href":"https:\/\/www.climanco.com\/pt\/wp-json\/wp\/v2\/product\/66\/revisions"}],"wp:featuredmedia":[{"embeddable":true,"href":"https:\/\/www.climanco.com\/pt\/wp-json\/wp\/v2\/media\/78"}],"wp:attachment":[{"href":"https:\/\/www.climanco.com\/pt\/wp-json\/wp\/v2\/media?parent=66"}],"wp:term":[{"taxonomy":"brand","embeddable":true,"href":"https:\/\/www.climanco.com\/pt\/wp-json\/wp\/v2\/etheme_brands?post=66"},{"taxonomy":"product_brand","embeddable":true,"href":"https:\/\/www.climanco.com\/pt\/wp-json\/wp\/v2\/product_brand?post=66"},{"taxonomy":"product_cat","embeddable":true,"href":"https:\/\/www.climanco.com\/pt\/wp-json\/wp\/v2\/product_cat?post=66"},{"taxonomy":"product_tag","embeddable":true,"href":"https:\/\/www.climanco.com\/pt\/wp-json\/wp\/v2\/product_tag?post=66"}],"curies":[{"name":"wp","href":"https:\/\/api.w.org\/{rel}","templated":true}]}}